{"id":204,"date":"2025-05-12T10:46:05","date_gmt":"2025-05-12T08:46:05","guid":{"rendered":"https:\/\/esg-evaluation.co\/wineservice\/?page_id=204"},"modified":"2025-05-12T10:47:41","modified_gmt":"2025-05-12T08:47:41","slug":"a-propos-de-levaluation","status":"publish","type":"page","link":"https:\/\/esg-evaluation.co\/wineservice\/a-propos-de-levaluation\/","title":{"rendered":"\u00c0 propos de l\u2019\u00e9valuation"},"content":{"rendered":"<p>Nous sommes guid\u00e9s par les principes du d\u00e9veloppement durable dans nos actions quotidiennes. Ils font partis de notre ADN \u00e0 la fois en tant qu\u2019employeur, en tant qu\u2019entreprise et en tant que partie prenante de la soci\u00e9t\u00e9 que cela soit au niveau local ou international.<\/p>\n<p>Notre entreprise a pour objectif de lier un but lucratif avec des int\u00e9r\u00eats collectifs. Nous voulons montrer que nous fournissons des services qui ont un impact social positif et qui sont respectueux de l\u2019environnement et du climat. Nous sommes convaincus qu\u2019il n\u2019est pas n\u00e9cessaire de faire des compromis sur notre rentabilit\u00e9 pour avoir un impact positif sur l\u2019environnement.<\/p>\n<p>Dans cette perspective, nous souhaitons \u00e9tendre les initiatives et les exigences que nous nous imposons \u00e0 l\u2019ensemble des fournisseurs qui collaborent avec nous.<\/p>\n<p><strong>C\u2019est pourquoi tous nos fournisseurs sont invit\u00e9s \u00e0 remplir l\u2019\u00e9valuation ci-dessous.<\/strong><\/p>\n<p><strong>Comment fonctionne l\u2019\u00e9valuation<\/strong><\/p>\n<p>L\u2019\u00e9valuation est divis\u00e9e en 4 cat\u00e9gories contenant un certain nombre de sous-questions. Cochez les affirmations qui s\u2019appliquent \u00e0 votre entreprise.<\/p>\n<p>Les r\u00e9sultats de l\u2019\u00e9valuation vous seront transmis et pourront conduire \u00e0 des \u00e9changes plus appondis entre nos entreprises avec pour objectif de travailler ensemble \u00e0 accroitre l\u2019impact positif de nos activit\u00e9s.<\/p>\n","protected":false},"excerpt":{"rendered":"<p>Nous sommes guid\u00e9s par les principes du d\u00e9veloppement durable dans nos actions quotidiennes. Ils font partis de notre ADN \u00e0 la fois en tant qu\u2019employeur, en tant qu\u2019entreprise et en tant que partie prenante de la soci\u00e9t\u00e9 que cela soit au niveau local ou international. Notre entreprise a pour objectif de lier un but lucratif [&hellip;]<\/p>\n","protected":false},"author":1,"featured_media":0,"parent":0,"menu_order":0,"comment_status":"closed","ping_status":"closed","template":"home_fr.php","meta":{"_acf_changed":false,"footnotes":""},"class_list":["post-204","page","type-page","status-publish","hentry"],"acf":[],"_links":{"self":[{"href":"https:\/\/esg-evaluation.co\/wineservice\/wp-json\/wp\/v2\/pages\/204","targetHints":{"allow":["GET"]}}],"collection":[{"href":"https:\/\/esg-evaluation.co\/wineservice\/wp-json\/wp\/v2\/pages"}],"about":[{"href":"https:\/\/esg-evaluation.co\/wineservice\/wp-json\/wp\/v2\/types\/page"}],"author":[{"embeddable":true,"href":"https:\/\/esg-evaluation.co\/wineservice\/wp-json\/wp\/v2\/users\/1"}],"replies":[{"embeddable":true,"href":"https:\/\/esg-evaluation.co\/wineservice\/wp-json\/wp\/v2\/comments?post=204"}],"version-history":[{"count":2,"href":"https:\/\/esg-evaluation.co\/wineservice\/wp-json\/wp\/v2\/pages\/204\/revisions"}],"predecessor-version":[{"id":206,"href":"https:\/\/esg-evaluation.co\/wineservice\/wp-json\/wp\/v2\/pages\/204\/revisions\/206"}],"wp:attachment":[{"href":"https:\/\/esg-evaluation.co\/wineservice\/wp-json\/wp\/v2\/media?parent=204"}],"curies":[{"name":"wp","href":"https:\/\/api.w.org\/{rel}","templated":true}]}}