{"id":209,"date":"2025-05-12T11:12:29","date_gmt":"2025-05-12T09:12:29","guid":{"rendered":"https:\/\/esg-evaluation.co\/wineservice\/?page_id=209"},"modified":"2025-05-12T11:12:29","modified_gmt":"2025-05-12T09:12:29","slug":"uber-die-bewertung","status":"publish","type":"page","link":"https:\/\/esg-evaluation.co\/wineservice\/uber-die-bewertung\/","title":{"rendered":"\u00dcber die Bewertung"},"content":{"rendered":"<p>Bei Wine Service ist Nachhaltigkeit Teil unserer Gesch\u00e4ftst\u00e4tigkeit. Es ist Teil unseres Verhaltens; \u2013 sowohl als Arbeitgeber, als Unternehmen als auch als Teil der umgebenden Gesellschaft.<\/p>\n<p>Nachhaltige Profitabilit\u00e4t ist ein zentrales Element unserer Strategie. Wir wollen zeigen, dass wir Dienstleistungen erbringen k\u00f6nnen, die einen positiven sozialen Effekt haben und die sowohl umwelt- als auch klimafreundlich sind. Wir wollen zeigen, dass es nicht notwendig ist, Kompromisse bei der Rentabilit\u00e4t einzugehen, um nachhaltig zu sein.<\/p>\n<p>Wir wollen unsere Initiativen f\u00fcr nachhaltiges Verhalten auf unsere gesamte Wertsch\u00f6pfungskette ausweiten. Unsere ESG-Berichterstattung und unsere Ambitionen f\u00fcr eine nachhaltige Zukunft stellen auch Anforderungen an unsere Lieferanten und deren Verhalten.<\/p>\n<p><strong>Daher m\u00f6chten wir, dass alle unsere Lieferanten die untenstehende Checkliste ausf\u00fcllen, die uns zeigt, wie weit jeder Lieferant auf dem Weg zu einer nachhaltigeren Zukunft ist.<\/strong><\/p>\n<p><strong>Und so funktioniert&#8217;s.<\/strong><strong><br \/>\n<\/strong>Die Checkliste ist in 4 verschiedene Kategorien unterteilt, die eine Reihe von Fragen enthalten. Klicken Sie die K\u00e4stchen f\u00fcr die Aussagen an, die f\u00fcr Ihr Unternehmen gelten.<\/p>\n<p>Die Ergebnisse der Evaluierung werden Ihnen und uns zur m\u00f6glichen Nachverfolgung und einem Gespr\u00e4ch dar\u00fcber, wie wir uns gegenseitig helfen k\u00f6nnen, zugesandt.<\/p>\n<p>Vielen Dank im Voraus \ud83d\ude09<\/p>\n<p>Mit freundlichen Gr\u00fc\u00dfenWein Service<\/p>\n","protected":false},"excerpt":{"rendered":"<p>Bei Wine Service ist Nachhaltigkeit Teil unserer Gesch\u00e4ftst\u00e4tigkeit. Es ist Teil unseres Verhaltens; \u2013 sowohl als Arbeitgeber, als Unternehmen als auch als Teil der umgebenden Gesellschaft. Nachhaltige Profitabilit\u00e4t ist ein zentrales Element unserer Strategie. Wir wollen zeigen, dass wir Dienstleistungen erbringen k\u00f6nnen, die einen positiven sozialen Effekt haben und die sowohl umwelt- als auch klimafreundlich [&hellip;]<\/p>\n","protected":false},"author":1,"featured_media":0,"parent":0,"menu_order":0,"comment_status":"closed","ping_status":"closed","template":"home_de.php","meta":{"_acf_changed":false,"footnotes":""},"class_list":["post-209","page","type-page","status-publish","hentry"],"acf":[],"_links":{"self":[{"href":"https:\/\/esg-evaluation.co\/wineservice\/wp-json\/wp\/v2\/pages\/209","targetHints":{"allow":["GET"]}}],"collection":[{"href":"https:\/\/esg-evaluation.co\/wineservice\/wp-json\/wp\/v2\/pages"}],"about":[{"href":"https:\/\/esg-evaluation.co\/wineservice\/wp-json\/wp\/v2\/types\/page"}],"author":[{"embeddable":true,"href":"https:\/\/esg-evaluation.co\/wineservice\/wp-json\/wp\/v2\/users\/1"}],"replies":[{"embeddable":true,"href":"https:\/\/esg-evaluation.co\/wineservice\/wp-json\/wp\/v2\/comments?post=209"}],"version-history":[{"count":1,"href":"https:\/\/esg-evaluation.co\/wineservice\/wp-json\/wp\/v2\/pages\/209\/revisions"}],"predecessor-version":[{"id":210,"href":"https:\/\/esg-evaluation.co\/wineservice\/wp-json\/wp\/v2\/pages\/209\/revisions\/210"}],"wp:attachment":[{"href":"https:\/\/esg-evaluation.co\/wineservice\/wp-json\/wp\/v2\/media?parent=209"}],"curies":[{"name":"wp","href":"https:\/\/api.w.org\/{rel}","templated":true}]}}