{"id":68,"date":"2024-12-05T11:40:33","date_gmt":"2024-12-05T10:40:33","guid":{"rendered":"https:\/\/esg-evaluation.co\/vonbulowco\/?page_id=68"},"modified":"2025-12-10T09:58:59","modified_gmt":"2025-12-10T08:58:59","slug":"om-evalueringen","status":"publish","type":"page","link":"https:\/\/esg-evaluation.co\/wineservice\/","title":{"rendered":"Om dit ESG-selvtjek"},"content":{"rendered":"<p>I Wine Service er b\u00e6redygtighed en del af vores m\u00e5de at drive virksomhed p\u00e5. Det er en del af vores adf\u00e6rd; \u2013 b\u00e5de som arbejdsgiver, som virksomhed og som en del af det omgivende samfund.<\/p>\n<p>B\u00e6redygtig rentabilitet er et centralt element i vores strategi. Vi vil vise, at vi kan leverer ydelser, der har en positiv social effekt og som er b\u00e5de milj\u00f8- og klimavenlige. Vi vil vise, at det ikke er n\u00f8dvendigt at g\u00e5 p\u00e5 kompromis med rentabilitet for at v\u00e6re b\u00e6redygtig.<\/p>\n<p>Vi \u00f8nsker at udbrede vores initiativer for b\u00e6redygtig adf\u00e6rd til hele vores v\u00e6rdik\u00e6de. Vores ESG-rapportering s\u00e6tter, sammen med vores ambitioner om en b\u00e6redygtig fremtid, ogs\u00e5 krav til vores leverand\u00f8rer og deres adf\u00e6rd.<\/p>\n<p><strong>Derfor\u00a0\u00f8nsker vi at alle vores leverand\u00f8rer udfylde nedenst\u00e5ende tjekliste, som viser os, hvor langt den enkelte leverand\u00f8r er i arbejdet mod en mere b\u00e6redygtighed fremtid.<\/strong><\/p>\n<p><strong>S\u00e5dan foreg\u00e5r det.<br \/>\n<\/strong>Tjeklisten er inddelt i 4 forskellige kategorier, der indeholder en r\u00e6kke sp\u00f8rgsm\u00e5l. Kryds af for de udsagn, som g\u00f8r sig g\u00e6ldende for din virksomhed.<\/p>\n<p>Resultaterne af evalueringen vil blive sendt til dig selv og os for eventuel opf\u00f8lgning og en snak om, hvordan vi kan hj\u00e6lpe hinanden.<\/p>\n<p>P\u00e5 forh\u00e5nd tak \ud83d\ude09<\/p>\n<p>Med venlig hilsen<br \/>\nWine Service<\/p>\n","protected":false},"excerpt":{"rendered":"<p>I Wine Service er b\u00e6redygtighed en del af vores m\u00e5de at drive virksomhed p\u00e5. Det er en del af vores adf\u00e6rd; \u2013 b\u00e5de som arbejdsgiver, som virksomhed og som en del af det omgivende samfund. B\u00e6redygtig rentabilitet er et centralt element i vores strategi. Vi vil vise, at vi kan leverer ydelser, der har en [&hellip;]<\/p>\n","protected":false},"author":1,"featured_media":0,"parent":0,"menu_order":0,"comment_status":"closed","ping_status":"closed","template":"home.php","meta":{"_acf_changed":false,"footnotes":""},"class_list":["post-68","page","type-page","status-publish","hentry"],"acf":[],"_links":{"self":[{"href":"https:\/\/esg-evaluation.co\/wineservice\/wp-json\/wp\/v2\/pages\/68","targetHints":{"allow":["GET"]}}],"collection":[{"href":"https:\/\/esg-evaluation.co\/wineservice\/wp-json\/wp\/v2\/pages"}],"about":[{"href":"https:\/\/esg-evaluation.co\/wineservice\/wp-json\/wp\/v2\/types\/page"}],"author":[{"embeddable":true,"href":"https:\/\/esg-evaluation.co\/wineservice\/wp-json\/wp\/v2\/users\/1"}],"replies":[{"embeddable":true,"href":"https:\/\/esg-evaluation.co\/wineservice\/wp-json\/wp\/v2\/comments?post=68"}],"version-history":[{"count":5,"href":"https:\/\/esg-evaluation.co\/wineservice\/wp-json\/wp\/v2\/pages\/68\/revisions"}],"predecessor-version":[{"id":336,"href":"https:\/\/esg-evaluation.co\/wineservice\/wp-json\/wp\/v2\/pages\/68\/revisions\/336"}],"wp:attachment":[{"href":"https:\/\/esg-evaluation.co\/wineservice\/wp-json\/wp\/v2\/media?parent=68"}],"curies":[{"name":"wp","href":"https:\/\/api.w.org\/{rel}","templated":true}]}}